{"id":6,"date":"2017-02-07T15:05:43","date_gmt":"2017-02-07T15:05:43","guid":{"rendered":"http:\/\/themenectar.com\/demo\/salient-startup\/?page_id=6"},"modified":"2020-11-05T11:47:40","modified_gmt":"2020-11-05T11:47:40","slug":"despre-noi","status":"publish","type":"page","link":"https:\/\/reviste.ulbsibiu.ro\/actats\/despre-noi\/","title":{"rendered":"Despre revist\u0103"},"content":{"rendered":"[vc_row type=&#8221;in_container&#8221; full_screen_row_position=&#8221;middle&#8221; column_margin=&#8221;default&#8221; column_direction=&#8221;default&#8221; column_direction_tablet=&#8221;default&#8221; column_direction_phone=&#8221;default&#8221; scene_position=&#8221;center&#8221; text_color=&#8221;dark&#8221; text_align=&#8221;left&#8221; row_border_radius=&#8221;none&#8221; row_border_radius_applies=&#8221;bg&#8221; overlay_strength=&#8221;0.3&#8243; gradient_direction=&#8221;left_to_right&#8221; shape_divider_position=&#8221;bottom&#8221; bg_image_animation=&#8221;none&#8221;][vc_column column_padding=&#8221;no-extra-padding&#8221; column_padding_tablet=&#8221;inherit&#8221; column_padding_phone=&#8221;inherit&#8221; column_padding_position=&#8221;all&#8221; background_color_opacity=&#8221;1&#8243; background_hover_color_opacity=&#8221;1&#8243; column_shadow=&#8221;none&#8221; column_border_radius=&#8221;none&#8221; column_link_target=&#8221;_self&#8221; gradient_direction=&#8221;left_to_right&#8221; overlay_strength=&#8221;0.3&#8243; width=&#8221;1\/1&#8243; tablet_width_inherit=&#8221;default&#8221; tablet_text_alignment=&#8221;default&#8221; phone_text_alignment=&#8221;default&#8221; column_border_width=&#8221;none&#8221; column_border_style=&#8221;solid&#8221; bg_image_animation=&#8221;none&#8221;][divider line_type=&#8221;No Line&#8221; custom_height=&#8221;30&#8243;][\/vc_column][\/vc_row][vc_row type=&#8221;in_container&#8221; full_screen_row_position=&#8221;middle&#8221; column_margin=&#8221;default&#8221; column_direction=&#8221;default&#8221; column_direction_tablet=&#8221;default&#8221; column_direction_phone=&#8221;default&#8221; bg_color=&#8221;#ffffff&#8221; scene_position=&#8221;center&#8221; bottom_padding=&#8221;4%&#8221; text_color=&#8221;dark&#8221; text_align=&#8221;left&#8221; row_border_radius=&#8221;none&#8221; row_border_radius_applies=&#8221;bg&#8221; overlay_strength=&#8221;0.3&#8243; gradient_direction=&#8221;left_to_right&#8221; shape_divider_position=&#8221;bottom&#8221; bg_image_animation=&#8221;none&#8221; shape_type=&#8221;&#8221;][vc_column column_padding=&#8221;no-extra-padding&#8221; column_padding_tablet=&#8221;inherit&#8221; column_padding_phone=&#8221;inherit&#8221; column_padding_position=&#8221;all&#8221; background_color_opacity=&#8221;1&#8243; background_hover_color_opacity=&#8221;1&#8243; column_shadow=&#8221;none&#8221; column_border_radius=&#8221;none&#8221; column_link_target=&#8221;_self&#8221; gradient_direction=&#8221;left_to_right&#8221; overlay_strength=&#8221;0.3&#8243; width=&#8221;2\/3&#8243; tablet_width_inherit=&#8221;default&#8221; tablet_text_alignment=&#8221;default&#8221; phone_text_alignment=&#8221;default&#8221; column_border_width=&#8221;none&#8221; column_border_style=&#8221;solid&#8221; bg_image_animation=&#8221;none&#8221;][vc_column_text]ACTA TERRAE SEPTEMCASTRENSIS (ActaTS) este o revist\u0103 \u0219tiin\u021bific\u0103 interna\u021bional\u0103 dedicat\u0103 avans\u0103rii \u0219i disemin\u0103rii cuno\u0219tin\u021belor \u0219tiin\u021bifice privind arheologia, istoria antic\u0103, istoria medieval\u0103, antropologia. Este un jurnal interna\u021bional cu acces deschis publicat o dat\u0103 pe an numai \u00een limba englez\u0103. Primul num\u0103r a ap\u0103rut \u00een anul 2002 cu studii dedicate preistoriei, arheologiei daco-romane \u0219i arheologiei \u0219i istoriei medievale publicate \u00een limba rom\u00e2n\u0103. \u00cencep\u00e2nd din anul 2006 (ActaTS, nr. V) \u00eentregul con\u021binut este publicat \u00een limb\u0103 str\u0103in\u0103, preponderent \u00een limba englez\u0103. Revista <em>Acta Terrae Septemcastrensis <\/em>este o publica\u0163ie de ni\u015f\u0103, cu caracter \u015ftiin\u0163ific, axat\u0103 pe publicarea studiilor care au ca subiect principal patrimoniu arheologic \u015fi istoric, cu centrare pe zona Transilvaniei.<\/p>\n<p>Revista \u201eActaTS\u201d reprezint\u0103 un forum interna\u021bional pentru diseminarea cuno\u0219tin\u021belor \u0219tiin\u021bifice privind \u0219tiin\u021bele arheologiei \u0219i disciplinele academice conexe, acoperind toate aspectele \u0219tiin\u021bifice ale arheologiei \u0219i istoriei antice \u0219i medievale, cum ar fi: preistorie, istorie \u0219i arheologie roman\u0103, perioada post-roman\u0103, istoria \u0219i arheologia medieval\u0103 timpurie, arheologia bisericeasc\u0103, arheologia funerar\u0103, arheologia mediului, arheologia peisajului, antropologia. Jurnalul este conceput pentru a facilita schimbul de idei \u00eentre cercet\u0103tori din diferite \u021b\u0103ri din \u00eentreaga lume. \u201eActaTS\u201d stabile\u0219te un standard ridicat pentru con\u021binutul s\u0103u. Are o bun\u0103 calitate a public\u0103rii \u00een format electronic \u0219i tip\u0103rit.<\/p>\n<p>ActaTR acord\u0103 o aten\u021bie deosebit\u0103 disemin\u0103rii cercet\u0103rii patrimoniului material \u0219i imaterial, a istoriei sociale \u0219i culturale. Revista \u00eencurajeaz\u0103 cercetarea interdisciplinar\u0103 \u0219i colaborarea deschis\u0103 cu cercet\u0103tori rom\u00e2ni \u0219i str\u0103ini, \u00een special pe teme specifice istoriei Europei Centrale \u0219i de Sud-Est. Redac\u021bia \u0219i comitetul editorial sunt formate din speciali\u0219ti de renume na\u021bional \u0219i interna\u021bional, iar evaluatorii\/recenzorii s\u0103i sunt selecta\u021bi cu aten\u021bie dintre exper\u021bi \u00een domeniu, at\u00e2t din \u021bar\u0103, c\u00e2t \u0219i din str\u0103in\u0103tate.<\/p>\n<p>&#8220;ActaTS&#8221; accept\u0103 articole de recenzie, articole \u0219tiin\u021bifice originale, scurte comunic\u0103ri, rapoarte de caz, din domeniul istoriei \u0219i arheologiei. Toate articolele din \u201eActaTS\u201d sunt publicate mai \u00eent\u00e2i sub form\u0103 tip\u0103rit\u0103, fiind editat\u0103 \u0219i publicat\u0103 de 18 ani, f\u0103r\u0103 \u00eentrerupere, sub egida Departamentului de Istorie, Patrimoniu \u0219i Teologie Protestant\u0103, iar de trei ani (\u00eencep\u00e2nd din 2018) a intrat sub egida Centrului de cercetare a Patrimoniului \u0219i Istoriei Socio-Culturale ce func\u021bioneaz\u0103 \u00een cadrul Universit\u0103\u021bii \u201dLucian Blaga\u201d din Sibiu.<\/p>\n<p><em>Acta Terrae Septemcastrensis<\/em>\u00a0este inclus\u0103 \u00een baze de date interna\u0163ionale<\/p>\n<p>European Reference Index for the Humanities and Social Siencies\u00a0<strong><a href=\"https:\/\/dbh.nsd.uib.no\/publiseringskanaler\/erihplus\/periodical\/info.action?id=484118\">ERIH PLUS<\/a><\/strong><\/p>\n<p>Index Copernicus (link <a href=\"https:\/\/journals.indexcopernicus.com\/search\/journal\/issue?issueId=26470&amp;journalId=38165\">https:\/\/journals.indexcopernicus.com\/search\/journal\/issue?issueId=26470&amp;journalId=38165<\/a><br \/>\n<strong>SCIENDO (link <\/strong><a href=\"https:\/\/content.sciendo.com\/configurable\/contentpage\/journals$002factatr$002factatr-overview.xml\">https:\/\/content.sciendo.com\/configurable\/contentpage\/journals$002factatr$002factatr-overview.xml<\/a><\/p>\n<p><strong><a href=\"http:\/\/www.scipio.ro\/web\/acta-terrae-septemcastrensis\">Platforma editorial\u0103 SCIPIO<\/a>.<\/strong><\/p>\n<p><strong>Revista apare anual.<\/strong>[\/vc_column_text][\/vc_column][vc_column column_padding=&#8221;no-extra-padding&#8221; column_padding_tablet=&#8221;inherit&#8221; column_padding_phone=&#8221;inherit&#8221; column_padding_position=&#8221;all&#8221; background_color_opacity=&#8221;1&#8243; background_hover_color_opacity=&#8221;1&#8243; column_shadow=&#8221;none&#8221; column_border_radius=&#8221;none&#8221; column_link_target=&#8221;_self&#8221; gradient_direction=&#8221;left_to_right&#8221; overlay_strength=&#8221;0.3&#8243; width=&#8221;1\/3&#8243; tablet_width_inherit=&#8221;default&#8221; tablet_text_alignment=&#8221;default&#8221; phone_text_alignment=&#8221;default&#8221; column_border_width=&#8221;none&#8221; column_border_style=&#8221;solid&#8221; bg_image_animation=&#8221;none&#8221;][vc_wp_custommenu title=&#8221;Arhiva&#8221; nav_menu=&#8221;29&#8243;][\/vc_column][\/vc_row][vc_row type=&#8221;full_width_background&#8221; full_screen_row_position=&#8221;middle&#8221; column_margin=&#8221;default&#8221; column_direction=&#8221;default&#8221; column_direction_tablet=&#8221;default&#8221; column_direction_phone=&#8221;default&#8221; bg_color=&#8221;#383838&#8243; bg_image=&#8221;6227&#8243; bg_position=&#8221;center center&#8221; bg_repeat=&#8221;no-repeat&#8221; scene_position=&#8221;center&#8221; top_padding=&#8221;10%&#8221; bottom_padding=&#8221;10%&#8221; text_color=&#8221;light&#8221; text_align=&#8221;left&#8221; row_border_radius=&#8221;none&#8221; row_border_radius_applies=&#8221;bg&#8221; color_overlay=&#8221;#0a0101&#8243; overlay_strength=&#8221;0.5&#8243; gradient_direction=&#8221;left_to_right&#8221; shape_divider_position=&#8221;bottom&#8221; bg_image_animation=&#8221;none&#8221; shape_type=&#8221;&#8221;][vc_column column_padding=&#8221;no-extra-padding&#8221; column_padding_tablet=&#8221;inherit&#8221; column_padding_phone=&#8221;inherit&#8221; column_padding_position=&#8221;all&#8221; centered_text=&#8221;true&#8221; background_color_opacity=&#8221;1&#8243; background_hover_color_opacity=&#8221;1&#8243; column_shadow=&#8221;none&#8221; column_border_radius=&#8221;none&#8221; column_link_target=&#8221;_self&#8221; gradient_direction=&#8221;left_to_right&#8221; overlay_strength=&#8221;0.3&#8243; width=&#8221;1\/1&#8243; tablet_width_inherit=&#8221;default&#8221; tablet_text_alignment=&#8221;default&#8221; phone_text_alignment=&#8221;default&#8221; column_border_width=&#8221;none&#8221; column_border_style=&#8221;solid&#8221; bg_image_animation=&#8221;none&#8221;][nectar_btn size=&#8221;large&#8221; button_style=&#8221;see-through-3d&#8221; url=&#8221;\/contact\/&#8221; text=&#8221;CONTACTEAZ\u0102-NE&#8221;][\/vc_column][\/vc_row]\n","protected":false},"excerpt":{"rendered":"<p>[vc_row type=&#8221;in_container&#8221; full_screen_row_position=&#8221;middle&#8221; column_margin=&#8221;default&#8221; column_direction=&#8221;default&#8221; column_direction_tablet=&#8221;default&#8221; column_direction_phone=&#8221;default&#8221; scene_position=&#8221;center&#8221; text_color=&#8221;dark&#8221; text_align=&#8221;left&#8221; row_border_radius=&#8221;none&#8221; row_border_radius_applies=&#8221;bg&#8221; overlay_strength=&#8221;0.3&#8243; gradient_direction=&#8221;left_to_right&#8221; shape_divider_position=&#8221;bottom&#8221;&#8230;<\/p>\n","protected":false},"author":1,"featured_media":0,"parent":0,"menu_order":0,"comment_status":"closed","ping_status":"closed","template":"","meta":[],"yoast_head":"<!-- This site is optimized with the Yoast SEO plugin v15.8 - https:\/\/yoast.com\/wordpress\/plugins\/seo\/ -->\n<title>Despre revist\u0103 - Revista Acta Terrae Septemcastrensis<\/title>\n<meta name=\"robots\" content=\"index, follow, max-snippet:-1, max-image-preview:large, max-video-preview:-1\" \/>\n<link rel=\"canonical\" href=\"https:\/\/reviste.ulbsibiu.ro\/actats\/despre-noi\/\" \/>\n<meta property=\"og:locale\" content=\"en_US\" \/>\n<meta property=\"og:type\" content=\"article\" \/>\n<meta property=\"og:title\" content=\"Despre revist\u0103 - Revista Acta Terrae Septemcastrensis\" \/>\n<meta property=\"og:description\" content=\"[vc_row type=&#8221;in_container&#8221; full_screen_row_position=&#8221;middle&#8221; column_margin=&#8221;default&#8221; column_direction=&#8221;default&#8221; column_direction_tablet=&#8221;default&#8221; column_direction_phone=&#8221;default&#8221; scene_position=&#8221;center&#8221; text_color=&#8221;dark&#8221; text_align=&#8221;left&#8221; row_border_radius=&#8221;none&#8221; row_border_radius_applies=&#8221;bg&#8221; overlay_strength=&#8221;0.3&#8243; gradient_direction=&#8221;left_to_right&#8221; shape_divider_position=&#8221;bottom&#8221;...\" \/>\n<meta property=\"og:url\" content=\"https:\/\/reviste.ulbsibiu.ro\/actats\/despre-noi\/\" \/>\n<meta property=\"og:site_name\" content=\"Revista Acta Terrae Septemcastrensis\" \/>\n<meta property=\"article:modified_time\" content=\"2020-11-05T11:47:40+00:00\" \/>\n<meta name=\"twitter:card\" content=\"summary_large_image\" \/>\n<meta name=\"twitter:label1\" content=\"Est. reading time\">\n\t<meta name=\"twitter:data1\" content=\"5 minutes\">\n<script type=\"application\/ld+json\" class=\"yoast-schema-graph\">{\"@context\":\"https:\/\/schema.org\",\"@graph\":[{\"@type\":\"WebSite\",\"@id\":\"https:\/\/reviste.ulbsibiu.ro\/actats\/#website\",\"url\":\"https:\/\/reviste.ulbsibiu.ro\/actats\/\",\"name\":\"Revista Acta Terrae Septemcastrensis\",\"description\":\"Studii despre patrimoniul istoric din Transilvania\",\"potentialAction\":[{\"@type\":\"SearchAction\",\"target\":\"https:\/\/reviste.ulbsibiu.ro\/actats\/?s={search_term_string}\",\"query-input\":\"required name=search_term_string\"}],\"inLanguage\":\"en-US\"},{\"@type\":\"WebPage\",\"@id\":\"https:\/\/reviste.ulbsibiu.ro\/actats\/despre-noi\/#webpage\",\"url\":\"https:\/\/reviste.ulbsibiu.ro\/actats\/despre-noi\/\",\"name\":\"Despre revist\\u0103 - Revista Acta Terrae Septemcastrensis\",\"isPartOf\":{\"@id\":\"https:\/\/reviste.ulbsibiu.ro\/actats\/#website\"},\"datePublished\":\"2017-02-07T15:05:43+00:00\",\"dateModified\":\"2020-11-05T11:47:40+00:00\",\"breadcrumb\":{\"@id\":\"https:\/\/reviste.ulbsibiu.ro\/actats\/despre-noi\/#breadcrumb\"},\"inLanguage\":\"en-US\",\"potentialAction\":[{\"@type\":\"ReadAction\",\"target\":[\"https:\/\/reviste.ulbsibiu.ro\/actats\/despre-noi\/\"]}]},{\"@type\":\"BreadcrumbList\",\"@id\":\"https:\/\/reviste.ulbsibiu.ro\/actats\/despre-noi\/#breadcrumb\",\"itemListElement\":[{\"@type\":\"ListItem\",\"position\":1,\"item\":{\"@type\":\"WebPage\",\"@id\":\"https:\/\/reviste.ulbsibiu.ro\/actats\/\",\"url\":\"https:\/\/reviste.ulbsibiu.ro\/actats\/\",\"name\":\"Home\"}},{\"@type\":\"ListItem\",\"position\":2,\"item\":{\"@type\":\"WebPage\",\"@id\":\"https:\/\/reviste.ulbsibiu.ro\/actats\/despre-noi\/\",\"url\":\"https:\/\/reviste.ulbsibiu.ro\/actats\/despre-noi\/\",\"name\":\"Despre revist\\u0103\"}}]}]}<\/script>\n<!-- \/ Yoast SEO plugin. -->","_links":{"self":[{"href":"https:\/\/reviste.ulbsibiu.ro\/actats\/wp-json\/wp\/v2\/pages\/6"}],"collection":[{"href":"https:\/\/reviste.ulbsibiu.ro\/actats\/wp-json\/wp\/v2\/pages"}],"about":[{"href":"https:\/\/reviste.ulbsibiu.ro\/actats\/wp-json\/wp\/v2\/types\/page"}],"author":[{"embeddable":true,"href":"https:\/\/reviste.ulbsibiu.ro\/actats\/wp-json\/wp\/v2\/users\/1"}],"replies":[{"embeddable":true,"href":"https:\/\/reviste.ulbsibiu.ro\/actats\/wp-json\/wp\/v2\/comments?post=6"}],"version-history":[{"count":33,"href":"https:\/\/reviste.ulbsibiu.ro\/actats\/wp-json\/wp\/v2\/pages\/6\/revisions"}],"predecessor-version":[{"id":6577,"href":"https:\/\/reviste.ulbsibiu.ro\/actats\/wp-json\/wp\/v2\/pages\/6\/revisions\/6577"}],"wp:attachment":[{"href":"https:\/\/reviste.ulbsibiu.ro\/actats\/wp-json\/wp\/v2\/media?parent=6"}],"curies":[{"name":"wp","href":"https:\/\/api.w.org\/{rel}","templated":true}]}}